{"id":4672,"date":"2020-12-10T18:31:48","date_gmt":"2020-12-10T18:31:48","guid":{"rendered":"https:\/\/crocaminoshop.com\/clothes\/"},"modified":"2020-12-10T18:31:48","modified_gmt":"2020-12-10T18:31:48","slug":"clothes","status":"publish","type":"page","link":"https:\/\/crocaminoshop.com\/en\/clothes\/","title":{"rendered":"Clothes"},"content":{"rendered":"\t\t<div data-elementor-type=\"wp-page\" data-elementor-id=\"4672\" class=\"elementor elementor-4672 elementor-4544\" data-elementor-post-type=\"page\">\n\t\t\t\t\t\t<section class=\"elementor-section elementor-top-section elementor-element elementor-element-1a67367 elementor-section-boxed elementor-section-height-default elementor-section-height-default\" data-id=\"1a67367\" data-element_type=\"section\" data-e-type=\"section\">\n\t\t\t\t\t\t<div class=\"elementor-container elementor-column-gap-default\">\n\t\t\t\t\t<div class=\"elementor-column elementor-col-100 elementor-top-column elementor-element elementor-element-87359cc\" data-id=\"87359cc\" data-element_type=\"column\" data-e-type=\"column\">\n\t\t\t<div class=\"elementor-widget-wrap elementor-element-populated\">\n\t\t\t\t\t\t<div class=\"elementor-element elementor-element-2e74959 elementor-widget elementor-widget-the7-elements-woo-masonry\" data-id=\"2e74959\" data-element_type=\"widget\" data-e-type=\"widget\" data-widget_type=\"the7-elements-woo-masonry.default\">\n\t\t\t\t<div class=\"elementor-widget-container\">\n\t\t\t\t\t<div class=\"products-shortcode the7-elements-woo-masonry-2e74959 mode-grid cart-btn-on-img hide-description jquery-filter lazy-loading-mode wc-img-hover dt-css-grid-wrap resize-by-browser-width loading-effect-none description-under-image wc-grid\" data-padding=\"15px\" data-cur-page=\"1\" data-post-limit=\"10\" data-pagination-mode=\"load-more\" aria-live=\"assertive\" data-desktop-columns-num=\"3\" data-v-tablet-columns-num=\"2\" data-h-tablet-columns-num=\"2\" data-phone-columns-num=\"1\"><div class=\"dt-css-grid\" ><div class=\"visible wf-cell visible\" data-post-id=\"6492\" data-date=\"2021-06-11T05:05:09+00:00\" data-name=\"T-shirt - Camino de Santiago\"><article class=\"post project-odd visible description-off product type-product post-6492 status-publish first instock product_cat-camino-clothes has-post-thumbnail shipping-taxable purchasable product-type-variable\" ><figure class=\"woocom-project\">\n\t<div class=\"woo-buttons-on-img\">\n\n\t\t<a href=\"https:\/\/crocaminoshop.com\/en\/product\/t-shirt-camino-croatia-kopiraj\/\" class=\"alignnone\"><img fetchpriority=\"high\" decoding=\"async\" width=\"900\" height=\"700\" src=\"https:\/\/crocaminoshop.com\/wp-content\/uploads\/2021\/06\/007-Majica-Camino-de-Santiago-Shirt.jpg\" class=\"attachment-woocommerce_thumbnail size-woocommerce_thumbnail preload-me\" alt=\"T-shirt - Camino de Santiago\" srcset=\"https:\/\/crocaminoshop.com\/wp-content\/uploads\/2021\/06\/007-Majica-Camino-de-Santiago-Shirt.jpg 900w, https:\/\/crocaminoshop.com\/wp-content\/uploads\/2021\/06\/007-Majica-Camino-de-Santiago-Shirt-300x233.jpg 300w, https:\/\/crocaminoshop.com\/wp-content\/uploads\/2021\/06\/007-Majica-Camino-de-Santiago-Shirt-768x597.jpg 768w\" sizes=\"(max-width: 900px) 100vw, 900px\" data-xooWscFly=\"fly\" \/><\/a><div class=\"woo-buttons\"><a href=\"https:\/\/crocaminoshop.com\/en\/product\/t-shirt-camino-croatia-kopiraj\/\" aria-describedby=\"woocommerce_loop_add_to_cart_link_describedby_6492\" data-quantity=\"1\" class=\"product_type_variable add_to_cart_button\" data-product_id=\"6492\" data-product_sku=\"\" aria-label=\"Select options for &ldquo;T-shirt - Camino de Santiago&rdquo;\" rel=\"nofollow\"><span class=\"filter-popup\">Select options<\/span><i class=\"popup-icon dt-icon-the7-menu-002\"><\/i><\/a>\t<span id=\"woocommerce_loop_add_to_cart_link_describedby_6492\" class=\"screen-reader-text\">\n\t\tThis product has multiple variants. The options may be chosen on the product page\t<\/span>\n<\/div>\n\t<\/div>\n\t<figcaption class=\"woocom-list-content\">\n\n\t\t\n\t<\/figcaption>\n<\/figure>\n<\/article><\/div><div class=\"visible wf-cell visible\" data-post-id=\"4357\" data-date=\"2020-12-08T12:54:20+00:00\" data-name=\"Hoodie - Buen Camino\"><article class=\"post project-odd visible description-off product type-product post-4357 status-publish instock product_cat-camino-clothes has-post-thumbnail featured shipping-taxable purchasable product-type-variable\" ><figure class=\"woocom-project\">\n\t<div class=\"woo-buttons-on-img\">\n\n\t\t<a href=\"https:\/\/crocaminoshop.com\/en\/product\/hoodie-buen-camino\/\" class=\"alignnone\"><img decoding=\"async\" width=\"900\" height=\"700\" src=\"https:\/\/crocaminoshop.com\/wp-content\/uploads\/2020\/12\/Jacket_-_patch_1.jpg\" class=\"attachment-woocommerce_thumbnail size-woocommerce_thumbnail preload-me\" alt=\"Hoodie - Buen Camino\" srcset=\"https:\/\/crocaminoshop.com\/wp-content\/uploads\/2020\/12\/Jacket_-_patch_1.jpg 900w, https:\/\/crocaminoshop.com\/wp-content\/uploads\/2020\/12\/Jacket_-_patch_1-300x233.jpg 300w, https:\/\/crocaminoshop.com\/wp-content\/uploads\/2020\/12\/Jacket_-_patch_1-768x597.jpg 768w\" sizes=\"(max-width: 900px) 100vw, 900px\" data-xooWscFly=\"fly\" \/><\/a><div class=\"woo-buttons\"><a href=\"https:\/\/crocaminoshop.com\/en\/product\/hoodie-buen-camino\/\" aria-describedby=\"woocommerce_loop_add_to_cart_link_describedby_4357\" data-quantity=\"1\" class=\"product_type_variable add_to_cart_button\" data-product_id=\"4357\" data-product_sku=\"\" aria-label=\"Select options for &ldquo;Hoodie - Buen Camino&rdquo;\" rel=\"nofollow\"><span class=\"filter-popup\">Select options<\/span><i class=\"popup-icon dt-icon-the7-menu-002\"><\/i><\/a>\t<span id=\"woocommerce_loop_add_to_cart_link_describedby_4357\" class=\"screen-reader-text\">\n\t\tThis product has multiple variants. The options may be chosen on the product page\t<\/span>\n<\/div>\n\t<\/div>\n\t<figcaption class=\"woocom-list-content\">\n\n\t\t\n\t<\/figcaption>\n<\/figure>\n<\/article><\/div><div class=\"visible wf-cell visible\" data-post-id=\"4354\" data-date=\"2020-12-08T12:45:09+00:00\" data-name=\"Fleece jacket - Camino Shell\"><article class=\"post project-odd visible description-off product type-product post-4354 status-publish instock product_cat-camino-clothes has-post-thumbnail featured shipping-taxable purchasable product-type-variable\" ><figure class=\"woocom-project\">\n\t<div class=\"woo-buttons-on-img\">\n\n\t\t<a href=\"https:\/\/crocaminoshop.com\/en\/product\/fleece-jacket-camino-shell\/\" class=\"alignnone\"><img decoding=\"async\" width=\"1064\" height=\"760\" src=\"https:\/\/crocaminoshop.com\/wp-content\/uploads\/2020\/12\/Fleece_-_patch_2-1-1064x760.jpg\" class=\"attachment-woocommerce_thumbnail size-woocommerce_thumbnail preload-me\" alt=\"Fleece jacket - Camino Shell\" data-xooWscFly=\"fly\" \/><\/a><div class=\"woo-buttons\"><a href=\"https:\/\/crocaminoshop.com\/en\/product\/fleece-jacket-camino-shell\/\" aria-describedby=\"woocommerce_loop_add_to_cart_link_describedby_4354\" data-quantity=\"1\" class=\"product_type_variable add_to_cart_button\" data-product_id=\"4354\" data-product_sku=\"\" aria-label=\"Select options for &ldquo;Fleece jacket - Camino Shell&rdquo;\" rel=\"nofollow\"><span class=\"filter-popup\">Select options<\/span><i class=\"popup-icon dt-icon-the7-menu-002\"><\/i><\/a>\t<span id=\"woocommerce_loop_add_to_cart_link_describedby_4354\" class=\"screen-reader-text\">\n\t\tThis product has multiple variants. The options may be chosen on the product page\t<\/span>\n<\/div>\n\t<\/div>\n\t<figcaption class=\"woocom-list-content\">\n\n\t\t\n\t<\/figcaption>\n<\/figure>\n<\/article><\/div><div class=\"visible wf-cell visible\" data-post-id=\"4355\" data-date=\"2020-12-08T12:26:41+00:00\" data-name=\"Fleece jacket - Buen Camino\"><article class=\"post project-odd visible description-off product type-product post-4355 status-publish last instock product_cat-camino-clothes has-post-thumbnail shipping-taxable purchasable product-type-variable\" ><figure class=\"woocom-project\">\n\t<div class=\"woo-buttons-on-img\">\n\n\t\t<a href=\"https:\/\/crocaminoshop.com\/en\/product\/fleece-jacket-buen-camino\/\" class=\"alignnone\"><img loading=\"lazy\" decoding=\"async\" width=\"1064\" height=\"760\" src=\"https:\/\/crocaminoshop.com\/wp-content\/uploads\/2020\/12\/Fleece_-_patch_1-1-1064x760.jpg\" class=\"attachment-woocommerce_thumbnail size-woocommerce_thumbnail preload-me\" alt=\"Fleece jacket - Buen Camino\" data-xooWscFly=\"fly\" \/><\/a><div class=\"woo-buttons\"><a href=\"https:\/\/crocaminoshop.com\/en\/product\/fleece-jacket-buen-camino\/\" aria-describedby=\"woocommerce_loop_add_to_cart_link_describedby_4355\" data-quantity=\"1\" class=\"product_type_variable add_to_cart_button\" data-product_id=\"4355\" data-product_sku=\"\" aria-label=\"Select options for &ldquo;Fleece jacket - Buen Camino&rdquo;\" rel=\"nofollow\"><span class=\"filter-popup\">Select options<\/span><i class=\"popup-icon dt-icon-the7-menu-002\"><\/i><\/a>\t<span id=\"woocommerce_loop_add_to_cart_link_describedby_4355\" class=\"screen-reader-text\">\n\t\tThis product has multiple variants. The options may be chosen on the product page\t<\/span>\n<\/div>\n\t<\/div>\n\t<figcaption class=\"woocom-list-content\">\n\n\t\t\n\t<\/figcaption>\n<\/figure>\n<\/article><\/div><div class=\"visible wf-cell visible\" data-post-id=\"4358\" data-date=\"2020-12-08T12:25:55+00:00\" data-name=\"Winter Hat\"><article class=\"post project-odd visible description-off product type-product post-4358 status-publish first instock product_cat-camino-clothes has-post-thumbnail shipping-taxable purchasable product-type-simple\" ><figure class=\"woocom-project\">\n\t<div class=\"woo-buttons-on-img\">\n\n\t\t<a href=\"https:\/\/crocaminoshop.com\/en\/product\/winter-hat\/\" class=\"alignnone\"><img loading=\"lazy\" decoding=\"async\" width=\"900\" height=\"700\" src=\"https:\/\/crocaminoshop.com\/wp-content\/uploads\/2020\/12\/10-A-nova-kapa.jpg\" class=\"attachment-woocommerce_thumbnail size-woocommerce_thumbnail preload-me\" alt=\"Winter Hat\" srcset=\"https:\/\/crocaminoshop.com\/wp-content\/uploads\/2020\/12\/10-A-nova-kapa.jpg 900w, https:\/\/crocaminoshop.com\/wp-content\/uploads\/2020\/12\/10-A-nova-kapa-300x233.jpg 300w, https:\/\/crocaminoshop.com\/wp-content\/uploads\/2020\/12\/10-A-nova-kapa-768x597.jpg 768w\" sizes=\"(max-width: 900px) 100vw, 900px\" data-xooWscFly=\"fly\" \/><\/a><div class=\"woo-buttons\"><a href=\"\/en\/wp-json\/wp\/v2\/pages\/4672?add-to-cart=4358\" aria-describedby=\"woocommerce_loop_add_to_cart_link_describedby_4358\" data-quantity=\"1\" class=\"product_type_simple add_to_cart_button ajax_add_to_cart\" data-product_id=\"4358\" data-product_sku=\"\" aria-label=\"Add to cart: &ldquo;Winter Hat&rdquo;\" rel=\"nofollow\" data-success_message=\"&ldquo;Winter Hat&rdquo; has been added to your cart\" role=\"button\"><span class=\"filter-popup\">Add to cart<\/span><i class=\"popup-icon icomoon-the7-font-the7-cart-00\"><\/i><\/a>\t<span id=\"woocommerce_loop_add_to_cart_link_describedby_4358\" class=\"screen-reader-text\">\n\t\t\t<\/span>\n<\/div>\n\t<\/div>\n\t<figcaption class=\"woocom-list-content\">\n\n\t\t\n\t<\/figcaption>\n<\/figure>\n<\/article><\/div><div class=\"visible wf-cell visible\" data-post-id=\"4339\" data-date=\"2020-12-08T09:30:57+00:00\" data-name=\"T-shirt - Camino Croatia\"><article class=\"post project-odd visible description-off product type-product post-4339 status-publish instock product_cat-camino-clothes has-post-thumbnail shipping-taxable purchasable product-type-variable\" ><figure class=\"woocom-project\">\n\t<div class=\"woo-buttons-on-img\">\n\n\t\t<a href=\"https:\/\/crocaminoshop.com\/en\/product\/t-shirt-camino-croatia\/\" class=\"alignnone\"><img loading=\"lazy\" decoding=\"async\" width=\"900\" height=\"700\" src=\"https:\/\/crocaminoshop.com\/wp-content\/uploads\/2020\/12\/majica-hr-camino.jpg\" class=\"attachment-woocommerce_thumbnail size-woocommerce_thumbnail preload-me\" alt=\"T-shirt - Camino Croatia\" srcset=\"https:\/\/crocaminoshop.com\/wp-content\/uploads\/2020\/12\/majica-hr-camino.jpg 900w, https:\/\/crocaminoshop.com\/wp-content\/uploads\/2020\/12\/majica-hr-camino-300x233.jpg 300w, https:\/\/crocaminoshop.com\/wp-content\/uploads\/2020\/12\/majica-hr-camino-768x597.jpg 768w\" sizes=\"(max-width: 900px) 100vw, 900px\" data-xooWscFly=\"fly\" \/><\/a><div class=\"woo-buttons\"><a href=\"https:\/\/crocaminoshop.com\/en\/product\/t-shirt-camino-croatia\/\" aria-describedby=\"woocommerce_loop_add_to_cart_link_describedby_4339\" data-quantity=\"1\" class=\"product_type_variable add_to_cart_button\" data-product_id=\"4339\" data-product_sku=\"\" aria-label=\"Select options for &ldquo;T-shirt - Camino Croatia&rdquo;\" rel=\"nofollow\"><span class=\"filter-popup\">Select options<\/span><i class=\"popup-icon dt-icon-the7-menu-002\"><\/i><\/a>\t<span id=\"woocommerce_loop_add_to_cart_link_describedby_4339\" class=\"screen-reader-text\">\n\t\tThis product has multiple variants. The options may be chosen on the product page\t<\/span>\n<\/div>\n\t<\/div>\n\t<figcaption class=\"woocom-list-content\">\n\n\t\t\n\t<\/figcaption>\n<\/figure>\n<\/article><\/div><\/div><!-- iso-container|iso-grid --><div class=\"paginator paginator-more-button\">\n\t\t\t\t<a class=\"button-load-more \" href=\"javascript:void(0);\" data-dt-page=\"1\" ><span class=\"stick\"><\/span><span class=\"stick\"><\/span><span class=\"stick\"><\/span><span class=\"button-caption\">Load more<\/span><\/a>\n\t\t\t<\/div><\/div>\t\t\t\t<\/div>\n\t\t\t\t<\/div>\n\t\t\t\t\t<\/div>\n\t\t<\/div>\n\t\t\t\t\t<\/div>\n\t\t<\/section>\n\t\t\t\t<\/div>\n\t\t","protected":false},"excerpt":{"rendered":"<p>Odaberi opcije Add to Wishlist Hudica &#8211; Camino \u0161koljka 253.00kn Odaberi opcije Add to Wishlist Hudica &#8211; Buen Camino 253.00kn Odaberi opcije Add to Wishlist Flis jakna &#8211; Camino \u0161koljka 216.00kn Odaberi opcije Add to Wishlist Flis jakna &#8211; Buen Camino 216.00kn Dodaj u ko\u0161aricu Add to Wishlist Zimska kapa 83.00kn Dodaj u ko\u0161aricu Add&hellip;<\/p>\n","protected":false},"author":1,"featured_media":0,"parent":0,"menu_order":0,"comment_status":"closed","ping_status":"closed","template":"","meta":{"footnotes":""},"class_list":["post-4672","page","type-page","status-publish","hentry"],"_links":{"self":[{"href":"https:\/\/crocaminoshop.com\/en\/wp-json\/wp\/v2\/pages\/4672","targetHints":{"allow":["GET"]}}],"collection":[{"href":"https:\/\/crocaminoshop.com\/en\/wp-json\/wp\/v2\/pages"}],"about":[{"href":"https:\/\/crocaminoshop.com\/en\/wp-json\/wp\/v2\/types\/page"}],"author":[{"embeddable":true,"href":"https:\/\/crocaminoshop.com\/en\/wp-json\/wp\/v2\/users\/1"}],"replies":[{"embeddable":true,"href":"https:\/\/crocaminoshop.com\/en\/wp-json\/wp\/v2\/comments?post=4672"}],"version-history":[{"count":0,"href":"https:\/\/crocaminoshop.com\/en\/wp-json\/wp\/v2\/pages\/4672\/revisions"}],"wp:attachment":[{"href":"https:\/\/crocaminoshop.com\/en\/wp-json\/wp\/v2\/media?parent=4672"}],"curies":[{"name":"wp","href":"https:\/\/api.w.org\/{rel}","templated":true}]}}